{"id":3078,"date":"2024-03-01T01:15:15","date_gmt":"2024-03-01T01:15:15","guid":{"rendered":"https:\/\/capeclearlavender.com\/teagmhail\/"},"modified":"2024-07-24T19:51:29","modified_gmt":"2024-07-24T19:51:29","slug":"teagmhail","status":"publish","type":"page","link":"https:\/\/capeclearlavender.com\/ga\/teagmhail\/","title":{"rendered":"Teagmh\u00e1il"},"content":{"rendered":"<p>[et_pb_section fb_built=&#8221;1&#8243; custom_padding_last_edited=&#8221;on|phone&#8221; _builder_version=&#8221;4.24.3&#8243; _module_preset=&#8221;default&#8221; background_image=&#8221;https:\/\/capeclearlavender.com\/wp-content\/uploads\/2024\/03\/Contact-Banner.jpg&#8221; custom_margin=&#8221;||||false|false&#8221; custom_padding=&#8221;20px||50px||false|false&#8221; custom_padding_tablet=&#8221;25px||||false|false&#8221; custom_padding_phone=&#8221;0px||||false|false&#8221; background_image_phone=&#8221;https:\/\/capeclearlavender.com\/wp-content\/uploads\/2024\/03\/Our-Story-Mobile.jpg&#8221; background_enable_image_phone=&#8221;on&#8221; global_colors_info=&#8221;{}&#8221;][et_pb_row custom_padding_last_edited=&#8221;off|desktop&#8221; _builder_version=&#8221;4.27.0&#8243; _module_preset=&#8221;default&#8221; custom_margin=&#8221;0px||0px||true|false&#8221; custom_padding=&#8221;||||true|false&#8221; custom_padding_tablet=&#8221;0px||0px||false|false&#8221; custom_padding_phone=&#8221;0px||0px||false|false&#8221; hover_enabled=&#8221;0&#8243; global_colors_info=&#8221;{}&#8221; sticky_enabled=&#8221;0&#8243;][et_pb_column type=&#8221;4_4&#8243; _builder_version=&#8221;4.24.3&#8243; _module_preset=&#8221;default&#8221; global_colors_info=&#8221;{}&#8221;][et_pb_text _builder_version=&#8221;4.27.0&#8243; _dynamic_attributes=&#8221;content&#8221; _module_preset=&#8221;default&#8221; text_font=&#8221;Jost||||||||&#8221; header_font=&#8221;La Luxes Serif|||on|||||&#8221; header_text_color=&#8221;#FFFFFF&#8221; header_font_size=&#8221;60px&#8221; header_2_font=&#8221;La Luxes Serif||||||||&#8221; header_2_font_size=&#8221;60px&#8221; header_3_font=&#8221;La Luxes Serif||||||||&#8221; header_3_font_size=&#8221;40px&#8221; header_4_font=&#8221;Jost|500|||||||&#8221; header_4_font_size=&#8221;16px&#8221; text_orientation=&#8221;center&#8221; module_alignment=&#8221;center&#8221; custom_margin=&#8221;||||false|false&#8221; custom_padding=&#8221;||||false|false&#8221; hover_enabled=&#8221;0&#8243; header_font_size_tablet=&#8221;45px&#8221; header_font_size_phone=&#8221;35px&#8221; header_font_size_last_edited=&#8221;on|phone&#8221; header_2_font_size_tablet=&#8221;55px&#8221; header_2_font_size_phone=&#8221;45px&#8221; header_2_font_size_last_edited=&#8221;on|phone&#8221; header_3_font_size_tablet=&#8221;35px&#8221; header_3_font_size_phone=&#8221;35px&#8221; header_3_font_size_last_edited=&#8221;on|phone&#8221; custom_css_main_element=&#8221;display: flex;||    justify-content: center;||    align-items: center;&#8221; global_colors_info=&#8221;{}&#8221; sticky_enabled=&#8221;0&#8243;]@ET-DC@eyJkeW5hbWljIjp0cnVlLCJjb250ZW50IjoicG9zdF90aXRsZSIsInNldHRpbmdzIjp7ImJlZm9yZSI6IjxoMT4iLCJhZnRlciI6IjxcL2gxPiJ9fQ==@[\/et_pb_text][\/et_pb_column][\/et_pb_row][\/et_pb_section][et_pb_section fb_built=&#8221;1&#8243; module_class=&#8221;contact-form&#8221; _builder_version=&#8221;4.24.2&#8243; _module_preset=&#8221;default&#8221; global_colors_info=&#8221;{}&#8221;][et_pb_row _builder_version=&#8221;4.24.2&#8243; _module_preset=&#8221;default&#8221; max_width=&#8221;880px&#8221; custom_padding=&#8221;0px||0px||true|false&#8221; global_colors_info=&#8221;{}&#8221; custom_css_main_element_last_edited=&#8221;on|desktop&#8221; custom_css_main_element_tablet=&#8221;display:flex;||flex-flow:column-reverse;&#8221; custom_css_main_element_phone=&#8221;display:flex;||flex-flow:column-reverse;&#8221;][et_pb_column type=&#8221;4_4&#8243; _builder_version=&#8221;4.24.2&#8243; _module_preset=&#8221;default&#8221; global_colors_info=&#8221;{}&#8221;][et_pb_image src=&#8221;https:\/\/capeclearlavender.com\/wp-content\/uploads\/2024\/03\/lavender-wreath-silhouette.svg&#8221; title_text=&#8221;labhandar-fleasc-sc\u00e1thchruth&#8221; align=&#8221;center&#8221; _builder_version=&#8221;4.24.2&#8243; _module_preset=&#8221;default&#8221; custom_margin=&#8221;||10px||false|false&#8221; custom_padding=&#8221;||0px||false|false&#8221; global_colors_info=&#8221;{}&#8221;][\/et_pb_image][et_pb_text _builder_version=&#8221;4.24.2&#8243; _module_preset=&#8221;default&#8221; text_font=&#8221;|300|||||||&#8221; text_font_size=&#8221;20px&#8221; text_line_height=&#8221;1.6em&#8221; header_2_font=&#8221;|||on|||||&#8221; header_2_text_align=&#8221;center&#8221; header_2_font_size=&#8221;60px&#8221; header_2_line_height=&#8221;1.7em&#8221; text_orientation=&#8221;center&#8221; custom_margin_tablet=&#8221;2em||||false|false&#8221; custom_margin_phone=&#8221;2em||||false|false&#8221; custom_margin_last_edited=&#8221;on|tablet&#8221; header_2_font_size_tablet=&#8221;60px&#8221; header_2_font_size_phone=&#8221;36px&#8221; header_2_font_size_last_edited=&#8221;on|phone&#8221; header_2_line_height_tablet=&#8221;1.7em&#8221; header_2_line_height_phone=&#8221;1.5em&#8221; header_2_line_height_last_edited=&#8221;on|phone&#8221; global_colors_info=&#8221;{}&#8221;]<\/p>\n<h2>D\u00e9an Teagmh\u00e1il Linn<\/h2>\n<p>M\u00e1s mian leat labhairt le ball d\u00e1r bhfoireann, n\u00e1 b\u00edodh drogall ort teagmh\u00e1il a dh\u00e9anamh tr\u00edn\u00e1r bhfoirm teagmh\u00e1la. <\/p>\n<p>[\/et_pb_text][et_pb_code _builder_version=&#8221;4.26.1&#8243; _module_preset=&#8221;default&#8221; global_colors_info=&#8221;{}&#8221;]<div class=\"forminator-ui forminator-custom-form forminator-custom-form-6387 forminator-design--default  \" data-forminator-render=\"0\" data-form=\"forminator-module-6387\" data-uid=\"69d2a5329da4c\"><br\/><\/div><form\r\n\t\t\t\tid=\"forminator-module-6387\"\r\n\t\t\t\tclass=\"forminator-ui forminator-custom-form forminator-custom-form-6387 forminator-design--default  \"\r\n\t\t\t\tmethod=\"post\"\r\n\t\t\t\tdata-forminator-render=\"0\"\r\n\t\t\t\tdata-form-id=\"6387\"\r\n\t\t\t\t data-color-option=\"default\" data-design=\"default\" data-grid=\"open\" style=\"display: none;\"\r\n\t\t\t\tdata-uid=\"69d2a5329da4c\"\r\n\t\t\t><div role=\"alert\" aria-live=\"polite\" class=\"forminator-response-message forminator-error\" aria-hidden=\"true\"><\/div><div class=\"forminator-row\"><div id=\"name-1\" class=\"forminator-field-name forminator-col forminator-col-12 \"><div class=\"forminator-row forminator-no-margin\" data-multiple=\"true\"><div class=\"forminator-col forminator-col-md-6\"><div class=\"forminator-field\"><label for=\"forminator-field-first-name-1_69d2a5329da4c\" id=\"forminator-field-first-name-1_69d2a5329da4c-label\" class=\"forminator-label\">First Name <span class=\"forminator-required\">*<\/span><\/label><input type=\"text\" name=\"name-1-first-name\" placeholder=\"First Name\" id=\"forminator-field-first-name-1_69d2a5329da4c\" class=\"forminator-input\" aria-required=\"true\" data-multi=\"1\" autocomplete=\"given-name\" value=\"\" \/><\/div><\/div><div class=\"forminator-col forminator-col-md-6\"><div class=\"forminator-field\"><label for=\"forminator-field-last-name-1_69d2a5329da4c\" id=\"forminator-field-last-name-1_69d2a5329da4c-label\" class=\"forminator-label\">Last Name<\/label><input type=\"text\" name=\"name-1-last-name\" placeholder=\"Last Name\" id=\"forminator-field-last-name-1_69d2a5329da4c\" class=\"forminator-input\" aria-required=\"false\" data-multi=\"1\" autocomplete=\"family-name\" value=\"\" \/><\/div><\/div><\/div><\/div><\/div><div class=\"forminator-row\"><div id=\"email-1\" class=\"forminator-field-email forminator-col forminator-col-6 \"><div class=\"forminator-field\"><label for=\"forminator-field-email-1_69d2a5329da4c\" id=\"forminator-field-email-1_69d2a5329da4c-label\" class=\"forminator-label\">Email Address <span class=\"forminator-required\">*<\/span><\/label><input type=\"email\" name=\"email-1\" value=\"\" placeholder=\"Email Address\" id=\"forminator-field-email-1_69d2a5329da4c\" class=\"forminator-input forminator-email--field\" data-required=\"1\" aria-required=\"true\" autocomplete=\"email\" \/><\/div><\/div><div id=\"phone-1\" class=\"forminator-field-phone forminator-col forminator-col-6 \"><div class=\"forminator-field\"><label for=\"forminator-field-phone-1_69d2a5329da4c\" id=\"forminator-field-phone-1_69d2a5329da4c-label\" class=\"forminator-label\">Phone<\/label><input type=\"text\" name=\"phone-1\" value=\"\" placeholder=\"Phone\" id=\"forminator-field-phone-1_69d2a5329da4c\" class=\"forminator-input forminator-field--phone\" data-required=\"\" aria-required=\"false\" autocomplete=\"off\" \/><\/div><\/div><\/div><div class=\"forminator-row\"><div id=\"select-1\" class=\"forminator-field-select forminator-col forminator-col-12 \"><div class=\"forminator-field\"><label for=\"forminator-form-6387__field--select-1_69d2a5329da4c\" id=\"forminator-form-6387__field--select-1_69d2a5329da4c-label\" class=\"forminator-label\">Reason for Inquiry <span class=\"forminator-required\">*<\/span><\/label><select  id=\"forminator-form-6387__field--select-1_69d2a5329da4c\" class=\"forminator-select--field forminator-select2 forminator-select2-multiple\" data-required=\"1\" name=\"select-1\" data-default-value=\"\" data-hidden-behavior=\"zero\" data-placeholder=\"Reason for Inquiry\" data-search=\"false\" data-search-placeholder=\"Reason for Inquiry\" data-checkbox=\"false\" data-allow-clear=\"false\" aria-labelledby=\"forminator-form-6387__field--select-1_69d2a5329da4c-label\"><option value=\"\"  >Reason for Inquiry<\/option><option value=\"one\"  data-calculation=\"0\">General Question<\/option><option value=\"two\"  data-calculation=\"0\">Become a Partner<\/option><option value=\"Product-Question\"  data-calculation=\"0\">Product Question<\/option><option value=\"Media-Inquiry\"  data-calculation=\"0\">Media Inquiry<\/option><option value=\"Website-Comment-Question\"  data-calculation=\"0\">Website Comment\/Question<\/option><option value=\"We-Just-Love-Cape-Clear-Lavender!\"  data-calculation=\"0\">We Just Love Cape Clear Lavender!<\/option><\/select><\/div><\/div><\/div><div class=\"forminator-row\"><div id=\"textarea-1\" class=\"forminator-field-textarea forminator-col forminator-col-12 \"><div class=\"forminator-field\"><label for=\"forminator-field-textarea-1_69d2a5329da4c\" id=\"forminator-field-textarea-1_69d2a5329da4c-label\" class=\"forminator-label\">Message <span class=\"forminator-required\">*<\/span><\/label><textarea name=\"textarea-1\" placeholder=\"Message\" id=\"forminator-field-textarea-1_69d2a5329da4c\" class=\"forminator-textarea\" rows=\"6\" style=\"min-height:140px;\" ><\/textarea><\/div><\/div><\/div><div class=\"forminator-row\" style=\"margin: 0;\"><div id=\"captcha-1\" class=\"forminator-field-captcha  forminator-col-12 \"><div class=\"forminator-captcha-left forminator-g-recaptcha recaptcha-invisible\" data-theme=\"light\" data-badge=\"bottomright\" data-sitekey=\"6LcN6asrAAAAAMEKaSZ7eBdtQoBB0dUqd4IpXD1O\" data-size=\"invisible\"><\/div> <\/div><\/div><input type=\"hidden\" name=\"referer_url\" value=\"\" \/><div class=\"forminator-row forminator-row-last\"><div class=\"forminator-col\"><div class=\"forminator-field\"><button class=\"forminator-button forminator-button-submit\">SUBMIT<\/button><\/div><\/div><\/div><input type=\"hidden\" id=\"forminator_nonce\" name=\"forminator_nonce\" value=\"688585d204\" \/><input type=\"hidden\" name=\"_wp_http_referer\" value=\"\/ga\/wp-json\/wp\/v2\/pages\/3078\" \/><input type=\"hidden\" name=\"form_id\" value=\"6387\"><input type=\"hidden\" name=\"page_id\" value=\"3078\"><input type=\"hidden\" name=\"form_type\" value=\"default\"><input type=\"hidden\" name=\"current_url\" value=\"https:\/\/capeclearlavender.com\/ga\/teagmhail\/\"><input type=\"hidden\" name=\"render_id\" value=\"0\"><input type=\"hidden\" name=\"action\" value=\"forminator_submit_form_custom-forms\"><label for=\"input_6\" class=\"forminator-hidden\" aria-hidden=\"true\">Please do not fill in this field. <input id=\"input_6\" type=\"text\" name=\"input_6\" value=\"\" autocomplete=\"off\"><\/label><\/form>[\/et_pb_code][\/et_pb_column][\/et_pb_row][et_pb_row column_structure=&#8221;1_3,1_3,1_3&#8243; _builder_version=&#8221;4.24.2&#8243; _module_preset=&#8221;default&#8221; max_width=&#8221;1080px&#8221; custom_padding=&#8221;2em||0px||false|false&#8221; custom_css_free_form=&#8221;.contact-form .et_pb_button_module_wrapper{margin-bottom:0!important}&#8221; global_colors_info=&#8221;{}&#8221; custom_css_main_element_last_edited=&#8221;on|desktop&#8221; custom_css_main_element_tablet=&#8221;display:flex;||flex-flow:column-reverse;&#8221; custom_css_main_element_phone=&#8221;display:flex;||flex-flow:column-reverse;&#8221;][et_pb_column type=&#8221;1_3&#8243; _builder_version=&#8221;4.24.2&#8243; _module_preset=&#8221;default&#8221; custom_css_main_element=&#8221;display:flex;||align-items:center;||justify-content:space-between;&#8221; global_colors_info=&#8221;{}&#8221; custom_css_main_element_last_edited=&#8221;on|phone&#8221; custom_css_main_element_phone=&#8221;display:block;&#8221; custom_css_main_element_tablet=&#8221;display:flex;||align-items:center;||justify-content:space-between;&#8221;][\/et_pb_column][et_pb_column type=&#8221;1_3&#8243; _builder_version=&#8221;4.24.2&#8243; _module_preset=&#8221;default&#8221; custom_css_main_element=&#8221;display:flex;||align-items:center;||justify-content:space-between;&#8221; global_colors_info=&#8221;{}&#8221; custom_css_main_element_last_edited=&#8221;on|phone&#8221; custom_css_main_element_phone=&#8221;display:block;&#8221; custom_css_main_element_tablet=&#8221;display:flex;||align-items:center;||justify-content:space-between;&#8221;][et_pb_button button_url=&#8221;mailto:info@capeclearlavender.com&#8221; button_text=&#8221;info@capeclearlavender.com&#8221; admin_label=&#8221;info@capeclearlavender.com&#8221; module_class=&#8221;bts-with-icon&#8221; _builder_version=&#8221;4.24.2&#8243; _module_preset=&#8221;default&#8221; button_text_size=&#8221;20px&#8221; button_text_color=&#8221;#000000&#8243; button_bg_color=&#8221;RGBA(255,255,255,0)&#8221; button_border_width=&#8221;0px&#8221; button_border_color=&#8221;RGBA(255,255,255,0)&#8221; button_font=&#8221;Jost||||||||&#8221; button_use_icon=&#8221;on&#8221; button_icon=&#8221;&#xf0e0;||fa||400&#8243; button_icon_color=&#8221;#ffffff&#8221; button_icon_placement=&#8221;left&#8221; button_on_hover=&#8221;off&#8221; custom_css_main_element=&#8221;line-height:44px!important;&#8221; global_colors_info=&#8221;{}&#8221; button_bg_color__hover_enabled=&#8221;off|desktop&#8221;][\/et_pb_button][\/et_pb_column][et_pb_column type=&#8221;1_3&#8243; _builder_version=&#8221;4.24.2&#8243; _module_preset=&#8221;default&#8221; custom_css_main_element=&#8221;display:flex;||align-items:center;||justify-content:space-between;&#8221; global_colors_info=&#8221;{}&#8221; custom_css_main_element_last_edited=&#8221;on|phone&#8221; custom_css_main_element_phone=&#8221;display:block;&#8221; custom_css_main_element_tablet=&#8221;display:flex;||align-items:center;||justify-content:space-between;&#8221;][\/et_pb_column][\/et_pb_row][\/et_pb_section]<\/p>\n","protected":false},"excerpt":{"rendered":"<p>D\u00e9an Teagmh\u00e1il Linn M\u00e1s mian leat labhairt le ball d\u00e1r bhfoireann, n\u00e1 b\u00edodh drogall ort teagmh\u00e1il a dh\u00e9anamh tr\u00edn\u00e1r bhfoirm teagmh\u00e1la. <div class=\"forminator-ui forminator-custom-form forminator-custom-form-6387 forminator-design--default  \" data-forminator-render=\"1\" data-form=\"forminator-module-6387\" data-uid=\"69d2a532d7874\"><br\/><\/div><form\r\n\t\t\t\tid=\"forminator-module-6387\"\r\n\t\t\t\tclass=\"forminator-ui forminator-custom-form forminator-custom-form-6387 forminator-design--default  \"\r\n\t\t\t\tmethod=\"post\"\r\n\t\t\t\tdata-forminator-render=\"1\"\r\n\t\t\t\tdata-form-id=\"6387\"\r\n\t\t\t\t data-color-option=\"default\" data-design=\"default\" data-grid=\"open\" style=\"display: none;\"\r\n\t\t\t\tdata-uid=\"69d2a532d7874\"\r\n\t\t\t><div role=\"alert\" aria-live=\"polite\" class=\"forminator-response-message forminator-error\" aria-hidden=\"true\"><\/div><div class=\"forminator-row\"><div id=\"name-1\" class=\"forminator-field-name forminator-col forminator-col-12 \"><div class=\"forminator-row forminator-no-margin\" data-multiple=\"true\"><div class=\"forminator-col forminator-col-md-6\"><div class=\"forminator-field\"><label for=\"forminator-field-first-name-1_69d2a532d7874\" id=\"forminator-field-first-name-1_69d2a532d7874-label\" class=\"forminator-label\">First Name <span class=\"forminator-required\">*<\/span><\/label><input type=\"text\" name=\"name-1-first-name\" placeholder=\"First Name\" id=\"forminator-field-first-name-1_69d2a532d7874\" class=\"forminator-input\" aria-required=\"true\" data-multi=\"1\" autocomplete=\"given-name\" value=\"\" \/><\/div><\/div><div class=\"forminator-col forminator-col-md-6\"><div class=\"forminator-field\"><label for=\"forminator-field-last-name-1_69d2a532d7874\" id=\"forminator-field-last-name-1_69d2a532d7874-label\" class=\"forminator-label\">Last Name<\/label><input type=\"text\" name=\"name-1-last-name\" placeholder=\"Last Name\" id=\"forminator-field-last-name-1_69d2a532d7874\" class=\"forminator-input\" aria-required=\"false\" data-multi=\"1\" autocomplete=\"family-name\" value=\"\" \/><\/div><\/div><\/div><\/div><\/div><div class=\"forminator-row\"><div id=\"email-1\" class=\"forminator-field-email forminator-col forminator-col-6 \"><div class=\"forminator-field\"><label for=\"forminator-field-email-1_69d2a532d7874\" id=\"forminator-field-email-1_69d2a532d7874-label\" class=\"forminator-label\">Email Address <span class=\"forminator-required\">*<\/span><\/label><input type=\"email\" name=\"email-1\" value=\"\" placeholder=\"Email Address\" id=\"forminator-field-email-1_69d2a532d7874\" class=\"forminator-input forminator-email--field\" data-required=\"1\" aria-required=\"true\" autocomplete=\"email\" \/><\/div><\/div><div id=\"phone-1\" class=\"forminator-field-phone forminator-col forminator-col-6 \"><div class=\"forminator-field\"><label for=\"forminator-field-phone-1_69d2a532d7874\" id=\"forminator-field-phone-1_69d2a532d7874-label\" class=\"forminator-label\">Phone<\/label><input type=\"text\" name=\"phone-1\" value=\"\" placeholder=\"Phone\" id=\"forminator-field-phone-1_69d2a532d7874\" class=\"forminator-input forminator-field--phone\" data-required=\"\" aria-required=\"false\" autocomplete=\"off\" \/><\/div><\/div><\/div><div class=\"forminator-row\"><div id=\"select-1\" class=\"forminator-field-select forminator-col forminator-col-12 \"><div class=\"forminator-field\"><label for=\"forminator-form-6387__field--select-1_69d2a532d7874\" id=\"forminator-form-6387__field--select-1_69d2a532d7874-label\" class=\"forminator-label\">Reason for Inquiry <span class=\"forminator-required\">*<\/span><\/label><select  id=\"forminator-form-6387__field--select-1_69d2a532d7874\" class=\"forminator-select--field forminator-select2 forminator-select2-multiple\" data-required=\"1\" name=\"select-1\" data-default-value=\"\" data-hidden-behavior=\"zero\" data-placeholder=\"Reason for Inquiry\" data-search=\"false\" data-search-placeholder=\"Reason for Inquiry\" data-checkbox=\"false\" data-allow-clear=\"false\" aria-labelledby=\"forminator-form-6387__field--select-1_69d2a532d7874-label\"><option value=\"\"  >Reason for Inquiry<\/option><option value=\"one\"  data-calculation=\"0\">General Question<\/option><option value=\"two\"  data-calculation=\"0\">Become a Partner<\/option><option value=\"Product-Question\"  data-calculation=\"0\">Product Question<\/option><option value=\"Media-Inquiry\"  data-calculation=\"0\">Media Inquiry<\/option><option value=\"Website-Comment-Question\"  data-calculation=\"0\">Website Comment\/Question<\/option><option value=\"We-Just-Love-Cape-Clear-Lavender!\"  data-calculation=\"0\">We Just Love Cape Clear Lavender!<\/option><\/select><\/div><\/div><\/div><div class=\"forminator-row\"><div id=\"textarea-1\" class=\"forminator-field-textarea forminator-col forminator-col-12 \"><div class=\"forminator-field\"><label for=\"forminator-field-textarea-1_69d2a532d7874\" id=\"forminator-field-textarea-1_69d2a532d7874-label\" class=\"forminator-label\">Message <span class=\"forminator-required\">*<\/span><\/label><textarea name=\"textarea-1\" placeholder=\"Message\" id=\"forminator-field-textarea-1_69d2a532d7874\" class=\"forminator-textarea\" rows=\"6\" style=\"min-height:140px;\" ><\/textarea><\/div><\/div><\/div><div class=\"forminator-row\" style=\"margin: 0;\"><div id=\"captcha-1\" class=\"forminator-field-captcha  forminator-col-12 \"><div class=\"forminator-captcha-left forminator-g-recaptcha recaptcha-invisible\" data-theme=\"light\" data-badge=\"bottomright\" data-sitekey=\"6LcN6asrAAAAAMEKaSZ7eBdtQoBB0dUqd4IpXD1O\" data-size=\"invisible\"><\/div> <\/div><\/div><input type=\"hidden\" name=\"referer_url\" value=\"\" \/><div class=\"forminator-row forminator-row-last\"><div class=\"forminator-col\"><div class=\"forminator-field\"><button class=\"forminator-button forminator-button-submit\">SUBMIT<\/button><\/div><\/div><\/div><input type=\"hidden\" id=\"forminator_nonce\" name=\"forminator_nonce\" value=\"688585d204\" \/><input type=\"hidden\" name=\"_wp_http_referer\" value=\"\/ga\/wp-json\/wp\/v2\/pages\/3078\" \/><input type=\"hidden\" name=\"form_id\" value=\"6387\"><input type=\"hidden\" name=\"page_id\" value=\"3078\"><input type=\"hidden\" name=\"form_type\" value=\"default\"><input type=\"hidden\" name=\"current_url\" value=\"https:\/\/capeclearlavender.com\/ga\/teagmhail\/\"><input type=\"hidden\" name=\"render_id\" value=\"1\"><input type=\"hidden\" name=\"action\" value=\"forminator_submit_form_custom-forms\"><label for=\"input_6\" class=\"forminator-hidden\" aria-hidden=\"true\">Please do not fill in this field. <input id=\"input_6\" type=\"text\" name=\"input_6\" value=\"\" autocomplete=\"off\"><\/label><label for=\"input_6\" class=\"forminator-hidden\" aria-hidden=\"true\">Please do not fill in this field. <input id=\"input_6\" type=\"text\" name=\"input_6\" value=\"\" autocomplete=\"off\"><\/label><\/form><\/p>\n","protected":false},"author":1,"featured_media":0,"parent":0,"menu_order":0,"comment_status":"closed","ping_status":"closed","template":"","meta":{"_acf_changed":false,"_et_pb_use_builder":"on","_et_pb_old_content":"","_et_gb_content_width":"","footnotes":""},"class_list":["post-3078","page","type-page","status-publish","hentry"],"acf":[],"_links":{"self":[{"href":"https:\/\/capeclearlavender.com\/ga\/wp-json\/wp\/v2\/pages\/3078","targetHints":{"allow":["GET"]}}],"collection":[{"href":"https:\/\/capeclearlavender.com\/ga\/wp-json\/wp\/v2\/pages"}],"about":[{"href":"https:\/\/capeclearlavender.com\/ga\/wp-json\/wp\/v2\/types\/page"}],"author":[{"embeddable":true,"href":"https:\/\/capeclearlavender.com\/ga\/wp-json\/wp\/v2\/users\/1"}],"replies":[{"embeddable":true,"href":"https:\/\/capeclearlavender.com\/ga\/wp-json\/wp\/v2\/comments?post=3078"}],"version-history":[{"count":0,"href":"https:\/\/capeclearlavender.com\/ga\/wp-json\/wp\/v2\/pages\/3078\/revisions"}],"wp:attachment":[{"href":"https:\/\/capeclearlavender.com\/ga\/wp-json\/wp\/v2\/media?parent=3078"}],"curies":[{"name":"wp","href":"https:\/\/api.w.org\/{rel}","templated":true}]}}