{"id":3111,"date":"2024-03-07T23:29:34","date_gmt":"2024-03-07T23:29:34","guid":{"rendered":"https:\/\/capeclearlavender.com\/product\/strufail-lavender\/"},"modified":"2024-06-24T15:07:46","modified_gmt":"2024-06-24T15:07:46","slug":"strufail-lavender","status":"publish","type":"product","link":"https:\/\/capeclearlavender.com\/ga\/product\/strufail-lavender\/","title":{"rendered":"Seacl\u00e1id\u00ed Strufail Labhandair"},"content":{"rendered":"<p>Seacl\u00e1id\u00ed Strufail Labhandair Brona, gan\u00e1is sheacl\u00e1id dhorcha na h\u00c9ireann at\u00e1 insilte le hola n\u00e1d\u00fartha labhandar Oile\u00e1n Chl\u00e9ire.<\/p>\n<p>Le tuilleadh eolais a fh\u00e1il, tabhair cuairt ar <strong><a href=\"https:\/\/bronachocolates.com\/\">bronachocolates.com<\/a><\/strong><\/p>\n<p><strong>AR F\u00c1IL I SIOPA\u00cd OILE\u00c1N CHL\u00c9IRE FREISIN<\/strong><\/p>\n","protected":false},"excerpt":{"rendered":"<p>Seacl\u00e1id\u00ed Strufail Labhandair Brona, gan\u00e1is sheacl\u00e1id dhorcha na h\u00c9ireann at\u00e1 insilte le hola n\u00e1d\u00fartha labhandar Oile\u00e1n Chl\u00e9ire. Le tuilleadh eolais a fh\u00e1il, tabhair cuairt ar bronachocolates.com AR F\u00c1IL I SIOPA\u00cd OILE\u00c1N CHL\u00c9IRE FREISIN<\/p>\n","protected":false},"featured_media":2947,"comment_status":"closed","ping_status":"closed","template":"","meta":{"_acf_changed":false,"_et_pb_use_builder":"","_et_pb_old_content":"","_et_gb_content_width":"","wds_primary_product_brand":0,"wds_primary_product_cat":0},"product_brand":[],"product_cat":[67],"product_tag":[],"class_list":{"0":"post-3111","1":"product","2":"type-product","3":"status-publish","4":"has-post-thumbnail","6":"product_cat-cocaireachta","8":"first","9":"instock","10":"shipping-taxable","11":"product-type-simple"},"acf":[],"_links":{"self":[{"href":"https:\/\/capeclearlavender.com\/ga\/wp-json\/wp\/v2\/product\/3111","targetHints":{"allow":["GET"]}}],"collection":[{"href":"https:\/\/capeclearlavender.com\/ga\/wp-json\/wp\/v2\/product"}],"about":[{"href":"https:\/\/capeclearlavender.com\/ga\/wp-json\/wp\/v2\/types\/product"}],"replies":[{"embeddable":true,"href":"https:\/\/capeclearlavender.com\/ga\/wp-json\/wp\/v2\/comments?post=3111"}],"wp:featuredmedia":[{"embeddable":true,"href":"https:\/\/capeclearlavender.com\/ga\/wp-json\/wp\/v2\/media\/2947"}],"wp:attachment":[{"href":"https:\/\/capeclearlavender.com\/ga\/wp-json\/wp\/v2\/media?parent=3111"}],"wp:term":[{"taxonomy":"product_brand","embeddable":true,"href":"https:\/\/capeclearlavender.com\/ga\/wp-json\/wp\/v2\/product_brand?post=3111"},{"taxonomy":"product_cat","embeddable":true,"href":"https:\/\/capeclearlavender.com\/ga\/wp-json\/wp\/v2\/product_cat?post=3111"},{"taxonomy":"product_tag","embeddable":true,"href":"https:\/\/capeclearlavender.com\/ga\/wp-json\/wp\/v2\/product_tag?post=3111"}],"curies":[{"name":"wp","href":"https:\/\/api.w.org\/{rel}","templated":true}]}}