{"id":3113,"date":"2024-03-07T01:53:51","date_gmt":"2024-03-07T01:53:51","guid":{"rendered":"https:\/\/capeclearlavender.com\/product\/3-sq-miles-mini-gin-lavender-oilean-na-heireann-100ml\/"},"modified":"2024-06-24T12:22:34","modified_gmt":"2024-06-24T12:22:34","slug":"3-sq-miles-mini-gin-lavender-oilean-na-heireann-100ml","status":"publish","type":"product","link":"https:\/\/capeclearlavender.com\/ga\/product\/3-sq-miles-mini-gin-lavender-oilean-na-heireann-100ml\/","title":{"rendered":"3 SQ. MILES &#8211; Jin Labhandair Oile\u00e1n na h\u00c9ireann, Mini (100ml)"},"content":{"rendered":"<p>Is bronntanas iontach \u00e9 seo, ar f\u00e1il i mbuid\u00e9al 700ml n\u00f3, muna bhfuil t\u00fa ag iarraidh m\u00e9id chomh m\u00f3r sin, mar bhlaiseadh beag. T\u00e1 \u00e1r mbuid\u00e9al 100ml dh\u00e1 oiread n\u00edos m\u00f3 n\u00e1 mini tipici\u00fail, agus is f\u00e9idir thart ar thr\u00ed dheoch chaighde\u00e1nacha a dh\u00e9anamh as.<\/p>\n<p>Le tuilleadh eolais a fh\u00e1il, tabhair cuairt ar <a href=\"https:\/\/www.capecleardistillery.com\/\"><strong>capecleardistillery.com<\/strong><\/a><\/p>\n<p><strong>AR F\u00c1IL I SIOPA\u00cd OILE\u00c1N CHL\u00c9IRE FREISIN<\/strong><\/p>\n","protected":false},"excerpt":{"rendered":"<p>Is bronntanas iontach \u00e9 seo, ar f\u00e1il i mbuid\u00e9al 700ml n\u00f3, muna bhfuil t\u00fa ag iarraidh m\u00e9id chomh m\u00f3r sin, mar bhlaiseadh beag. T\u00e1 \u00e1r mbuid\u00e9al 100ml dh\u00e1 oiread n\u00edos m\u00f3 n\u00e1 mini tipici\u00fail, agus is f\u00e9idir thart ar thr\u00ed dheoch chaighde\u00e1nacha a dh\u00e9anamh as. Le tuilleadh eolais a fh\u00e1il, tabhair cuairt ar capecleardistillery.com AR [&hellip;]<\/p>\n","protected":false},"featured_media":2910,"comment_status":"closed","ping_status":"closed","template":"","meta":{"_acf_changed":false,"_et_pb_use_builder":"","_et_pb_old_content":"","_et_gb_content_width":"","wds_primary_product_brand":0,"wds_primary_product_cat":0},"product_brand":[],"product_cat":[67],"product_tag":[],"class_list":{"0":"post-3113","1":"product","2":"type-product","3":"status-publish","4":"has-post-thumbnail","6":"product_cat-cocaireachta","8":"first","9":"instock","10":"shipping-taxable","11":"product-type-simple"},"acf":[],"_links":{"self":[{"href":"https:\/\/capeclearlavender.com\/ga\/wp-json\/wp\/v2\/product\/3113","targetHints":{"allow":["GET"]}}],"collection":[{"href":"https:\/\/capeclearlavender.com\/ga\/wp-json\/wp\/v2\/product"}],"about":[{"href":"https:\/\/capeclearlavender.com\/ga\/wp-json\/wp\/v2\/types\/product"}],"replies":[{"embeddable":true,"href":"https:\/\/capeclearlavender.com\/ga\/wp-json\/wp\/v2\/comments?post=3113"}],"wp:featuredmedia":[{"embeddable":true,"href":"https:\/\/capeclearlavender.com\/ga\/wp-json\/wp\/v2\/media\/2910"}],"wp:attachment":[{"href":"https:\/\/capeclearlavender.com\/ga\/wp-json\/wp\/v2\/media?parent=3113"}],"wp:term":[{"taxonomy":"product_brand","embeddable":true,"href":"https:\/\/capeclearlavender.com\/ga\/wp-json\/wp\/v2\/product_brand?post=3113"},{"taxonomy":"product_cat","embeddable":true,"href":"https:\/\/capeclearlavender.com\/ga\/wp-json\/wp\/v2\/product_cat?post=3113"},{"taxonomy":"product_tag","embeddable":true,"href":"https:\/\/capeclearlavender.com\/ga\/wp-json\/wp\/v2\/product_tag?post=3113"}],"curies":[{"name":"wp","href":"https:\/\/api.w.org\/{rel}","templated":true}]}}