{"id":3114,"date":"2024-03-20T21:09:08","date_gmt":"2024-03-20T21:09:08","guid":{"rendered":"https:\/\/capeclearlavender.com\/product\/sprae-lavender\/"},"modified":"2024-06-24T12:42:35","modified_gmt":"2024-06-24T12:42:35","slug":"sprae-lavender","status":"publish","type":"product","link":"https:\/\/capeclearlavender.com\/ga\/product\/sprae-lavender\/","title":{"rendered":"Sprae Labhandair"},"content":{"rendered":"<p>D\u00e9anta as uisce labhandair driogtha ar Oile\u00e1n Chl\u00e9ire, coll virginiach agus bl\u00e1thola\u00ed. Bain \u00fas\u00e1id as na spraeanna seo le boladh \u00far a thabhairt isteach i seomra n\u00f3 sp\u00e1s ar bith. D\u00e9anta le comh\u00e1bhair n\u00e1d\u00fartha i mbuid\u00e9il ghloine.<\/p>\n<p>Le tuilleadh eolais a fh\u00e1il, tabhair cuairt ar <a href=\"https:\/\/danancraft.com\/\"><strong>danancraft.com<\/strong><\/a><\/p>\n<p><b>AR F\u00c1IL I SIOPA\u00cd OILE\u00c1N CHL\u00c9IRE FREISIN<\/b><\/p>\n","protected":false},"excerpt":{"rendered":"<p>D\u00e9anta as uisce labhandair driogtha ar Oile\u00e1n Chl\u00e9ire, coll virginiach agus bl\u00e1thola\u00ed. Bain \u00fas\u00e1id as na spraeanna seo le boladh \u00far a thabhairt isteach i seomra n\u00f3 sp\u00e1s ar bith. D\u00e9anta le comh\u00e1bhair n\u00e1d\u00fartha i mbuid\u00e9il ghloine. Le tuilleadh eolais a fh\u00e1il, tabhair cuairt ar danancraft.com AR F\u00c1IL I SIOPA\u00cd OILE\u00c1N CHL\u00c9IRE FREISIN<\/p>\n","protected":false},"featured_media":3022,"comment_status":"closed","ping_status":"closed","template":"","meta":{"_acf_changed":false,"_et_pb_use_builder":"","_et_pb_old_content":"","_et_gb_content_width":"","wds_primary_product_brand":0,"wds_primary_product_cat":0},"product_brand":[],"product_cat":[69,71,70],"product_tag":[],"class_list":{"0":"post-3114","1":"product","2":"type-product","3":"status-publish","4":"has-post-thumbnail","6":"product_cat-curam-pearsanta","7":"product_cat-olai-riachtanacha","8":"product_cat-teaghlaigh","10":"first","11":"instock","12":"shipping-taxable","13":"product-type-simple"},"acf":[],"_links":{"self":[{"href":"https:\/\/capeclearlavender.com\/ga\/wp-json\/wp\/v2\/product\/3114","targetHints":{"allow":["GET"]}}],"collection":[{"href":"https:\/\/capeclearlavender.com\/ga\/wp-json\/wp\/v2\/product"}],"about":[{"href":"https:\/\/capeclearlavender.com\/ga\/wp-json\/wp\/v2\/types\/product"}],"replies":[{"embeddable":true,"href":"https:\/\/capeclearlavender.com\/ga\/wp-json\/wp\/v2\/comments?post=3114"}],"wp:featuredmedia":[{"embeddable":true,"href":"https:\/\/capeclearlavender.com\/ga\/wp-json\/wp\/v2\/media\/3022"}],"wp:attachment":[{"href":"https:\/\/capeclearlavender.com\/ga\/wp-json\/wp\/v2\/media?parent=3114"}],"wp:term":[{"taxonomy":"product_brand","embeddable":true,"href":"https:\/\/capeclearlavender.com\/ga\/wp-json\/wp\/v2\/product_brand?post=3114"},{"taxonomy":"product_cat","embeddable":true,"href":"https:\/\/capeclearlavender.com\/ga\/wp-json\/wp\/v2\/product_cat?post=3114"},{"taxonomy":"product_tag","embeddable":true,"href":"https:\/\/capeclearlavender.com\/ga\/wp-json\/wp\/v2\/product_tag?post=3114"}],"curies":[{"name":"wp","href":"https:\/\/api.w.org\/{rel}","templated":true}]}}