{"id":3117,"date":"2024-03-20T20:16:53","date_gmt":"2024-03-20T20:16:53","guid":{"rendered":"https:\/\/capeclearlavender.com\/product\/buama-folctha-insileadh-lavender\/"},"modified":"2024-06-24T14:59:53","modified_gmt":"2024-06-24T14:59:53","slug":"buama-folctha-insileadh-lavender","status":"publish","type":"product","link":"https:\/\/capeclearlavender.com\/ga\/product\/buama-folctha-insileadh-lavender\/","title":{"rendered":"Buama Folcad\u00e1in Labhandair"},"content":{"rendered":"T\u00e1 an Buama Folcad\u00e1in Corcra seo l\u00e1mhdh\u00e9anata agus insilte le bachl\u00f3ga n\u00e1d\u00fartha an lusa l\u00e9ith. De r\u00e9ir mar a le\u00e1nn s\u00e9 i d&#8217;fholcad\u00e1n, beidh s\u00e9 ag boilgearnach agus ag gios\u00e1il, agus scaipfear boladh s\u00e9imh an labhandair le gur f\u00e9idir leat do shuaimhneas a dh\u00e9anamh agus do sc\u00edth a ligean. Saothar uath\u00fail at\u00e1 i ngach buama folcad\u00e1in, at\u00e1 deartha le d&#8217;fholcad\u00e1n a athr\u00fa ina thearmann s\u00edoch\u00e1na, cos\u00fail le spa.\n\nLe tuilleadh eolais a fh\u00e1il, d\u00e9an teagmh\u00e1il le <a href=\"mailto:enquiries@island-lavender.com\">enquiries@island-lavender.co<\/a>\n\n<strong>AR F\u00c1IL I SIOPA\u00cd OILE\u00c1N CHL\u00c9IRE FREISIN<\/strong>\n\n<!-- \/wp:post-content -->","protected":false},"excerpt":{"rendered":"<p>T\u00e1 an Buama Folcad\u00e1in Corcra seo l\u00e1mhdh\u00e9anata agus insilte le bachl\u00f3ga n\u00e1d\u00fartha an lusa l\u00e9ith. De r\u00e9ir mar a le\u00e1nn s\u00e9 i d&#8217;fholcad\u00e1n, beidh s\u00e9 ag boilgearnach agus ag gios\u00e1il, agus scaipfear boladh s\u00e9imh an labhandair le gur f\u00e9idir leat do shuaimhneas a dh\u00e9anamh agus do sc\u00edth a ligean. Saothar uath\u00fail at\u00e1 i ngach buama [&hellip;]<\/p>\n","protected":false},"featured_media":3016,"comment_status":"closed","ping_status":"closed","template":"","meta":{"_acf_changed":false,"_et_pb_use_builder":"","_et_pb_old_content":"","_et_gb_content_width":"","wds_primary_product_brand":0,"wds_primary_product_cat":0},"product_brand":[],"product_cat":[69,72],"product_tag":[],"class_list":{"0":"post-3117","1":"product","2":"type-product","3":"status-publish","4":"has-post-thumbnail","6":"product_cat-curam-pearsanta","7":"product_cat-slainte","9":"first","10":"instock","11":"shipping-taxable","12":"product-type-simple"},"acf":[],"_links":{"self":[{"href":"https:\/\/capeclearlavender.com\/ga\/wp-json\/wp\/v2\/product\/3117","targetHints":{"allow":["GET"]}}],"collection":[{"href":"https:\/\/capeclearlavender.com\/ga\/wp-json\/wp\/v2\/product"}],"about":[{"href":"https:\/\/capeclearlavender.com\/ga\/wp-json\/wp\/v2\/types\/product"}],"replies":[{"embeddable":true,"href":"https:\/\/capeclearlavender.com\/ga\/wp-json\/wp\/v2\/comments?post=3117"}],"wp:featuredmedia":[{"embeddable":true,"href":"https:\/\/capeclearlavender.com\/ga\/wp-json\/wp\/v2\/media\/3016"}],"wp:attachment":[{"href":"https:\/\/capeclearlavender.com\/ga\/wp-json\/wp\/v2\/media?parent=3117"}],"wp:term":[{"taxonomy":"product_brand","embeddable":true,"href":"https:\/\/capeclearlavender.com\/ga\/wp-json\/wp\/v2\/product_brand?post=3117"},{"taxonomy":"product_cat","embeddable":true,"href":"https:\/\/capeclearlavender.com\/ga\/wp-json\/wp\/v2\/product_cat?post=3117"},{"taxonomy":"product_tag","embeddable":true,"href":"https:\/\/capeclearlavender.com\/ga\/wp-json\/wp\/v2\/product_tag?post=3117"}],"curies":[{"name":"wp","href":"https:\/\/api.w.org\/{rel}","templated":true}]}}