{"id":3118,"date":"2024-03-07T23:14:48","date_gmt":"2024-03-07T23:14:48","guid":{"rendered":"https:\/\/capeclearlavender.com\/product\/gallunach-bainne-gabhar-lavender\/"},"modified":"2024-06-24T10:33:40","modified_gmt":"2024-06-24T10:33:40","slug":"gallunach-bainne-gabhar-lavender","status":"publish","type":"product","link":"https:\/\/capeclearlavender.com\/ga\/product\/gallunach-bainne-gabhar-lavender\/","title":{"rendered":"Gall\u00fanach Bainne Gabhair agus Labhandair"},"content":{"rendered":"<p>Gall\u00fanach s\u00f3masach baile, d\u00e9anta de l\u00e1imh as bainne gabhair. S\u00fafaidh do chraiceann isteach an ola ol\u00f3ige n\u00e1d\u00fartha, an ola cn\u00f3 c\u00f3c\u00f3, agus an t-im s\u00ed agus t\u00fa ag baint taitnimh as cumhracht fh\u00edne\u00e1lta an lusa l\u00e9ith.<\/p>\n<p>Le haghaidh tuilleadh eolais, tabhair cuairt ar <a href=\"https:\/\/www.fastnetfarm.com\/black-bees\">fastnetfarm.com<\/a><\/p>\n<p><strong>AR F\u00c1IL I SIOPA\u00cd OILE\u00c1N CHL\u00c9IRE FREISIN<\/strong><\/p>\n","protected":false},"excerpt":{"rendered":"<p>Gall\u00fanach s\u00f3masach baile, d\u00e9anta de l\u00e1imh as bainne gabhair. S\u00fafaidh do chraiceann isteach an ola ol\u00f3ige n\u00e1d\u00fartha, an ola cn\u00f3 c\u00f3c\u00f3, agus an t-im s\u00ed agus t\u00fa ag baint taitnimh as cumhracht fh\u00edne\u00e1lta an lusa l\u00e9ith. Le haghaidh tuilleadh eolais, tabhair cuairt ar fastnetfarm.com AR F\u00c1IL I SIOPA\u00cd OILE\u00c1N CHL\u00c9IRE FREISIN<\/p>\n","protected":false},"featured_media":2943,"comment_status":"closed","ping_status":"closed","template":"","meta":{"_acf_changed":false,"_et_pb_use_builder":"","_et_pb_old_content":"","_et_gb_content_width":"","wds_primary_product_brand":0,"wds_primary_product_cat":0},"product_brand":[],"product_cat":[69,70],"product_tag":[],"class_list":{"0":"post-3118","1":"product","2":"type-product","3":"status-publish","4":"has-post-thumbnail","6":"product_cat-curam-pearsanta","7":"product_cat-teaghlaigh","9":"first","10":"instock","11":"shipping-taxable","12":"product-type-simple"},"acf":[],"_links":{"self":[{"href":"https:\/\/capeclearlavender.com\/ga\/wp-json\/wp\/v2\/product\/3118","targetHints":{"allow":["GET"]}}],"collection":[{"href":"https:\/\/capeclearlavender.com\/ga\/wp-json\/wp\/v2\/product"}],"about":[{"href":"https:\/\/capeclearlavender.com\/ga\/wp-json\/wp\/v2\/types\/product"}],"replies":[{"embeddable":true,"href":"https:\/\/capeclearlavender.com\/ga\/wp-json\/wp\/v2\/comments?post=3118"}],"wp:featuredmedia":[{"embeddable":true,"href":"https:\/\/capeclearlavender.com\/ga\/wp-json\/wp\/v2\/media\/2943"}],"wp:attachment":[{"href":"https:\/\/capeclearlavender.com\/ga\/wp-json\/wp\/v2\/media?parent=3118"}],"wp:term":[{"taxonomy":"product_brand","embeddable":true,"href":"https:\/\/capeclearlavender.com\/ga\/wp-json\/wp\/v2\/product_brand?post=3118"},{"taxonomy":"product_cat","embeddable":true,"href":"https:\/\/capeclearlavender.com\/ga\/wp-json\/wp\/v2\/product_cat?post=3118"},{"taxonomy":"product_tag","embeddable":true,"href":"https:\/\/capeclearlavender.com\/ga\/wp-json\/wp\/v2\/product_tag?post=3118"}],"curies":[{"name":"wp","href":"https:\/\/api.w.org\/{rel}","templated":true}]}}