{"id":3119,"date":"2024-03-20T21:18:26","date_gmt":"2024-03-20T21:18:26","guid":{"rendered":"https:\/\/capeclearlavender.com\/product\/timfhilleadh-lavender-muineal-agus-gualainn\/"},"modified":"2024-06-24T12:59:15","modified_gmt":"2024-06-24T12:59:15","slug":"timfhilleadh-lavender-muineal-agus-gualainn","status":"publish","type":"product","link":"https:\/\/capeclearlavender.com\/ga\/product\/timfhilleadh-lavender-muineal-agus-gualainn\/","title":{"rendered":"F\u00e1isce\u00e1n Labhandair don Mhuine\u00e1l agus do no Guaill\u00ed"},"content":{"rendered":"<p>Is giuirl\u00e9id theiripeach \u00e9 an F\u00e1isce\u00e1n Labhandair seo at\u00e1 d\u00e9anta chun do mhuine\u00e1l agus do ghuaill\u00ed a chur ar a gcompord agus faoiseamh a thabhairt \u00f3 phianta laeth\u00fala agus mat\u00e1in thinne. L\u00e1n de chumhracht shuaimhneasach an lusa l\u00e9ith agus de ghr\u00e1n n\u00e1d\u00fartha na cruithneachta, is f\u00e9idir an f\u00e1isce\u00e1n seo a th\u00e9amh go s\u00e1bh\u00e1ilte sa mhicreathonn\u00e1n chun teannas a mhaol\u00fa le teas teiripeach.<\/p>\n<p>Le tuilleadh eolais a fh\u00e1il, d\u00e9an teagmh\u00e1il le <a href=\"mailto:enquiries@island-lavender.com\">enquiries@island-lavender.com<\/a><\/p>\n<p><strong>AR F\u00c1IL I SIOPA\u00cd OILE\u00c1N CHL\u00c9IRE FREISIN<\/strong><\/p>\n","protected":false},"excerpt":{"rendered":"<p>Is giuirl\u00e9id theiripeach \u00e9 an F\u00e1isce\u00e1n Labhandair seo at\u00e1 d\u00e9anta chun do mhuine\u00e1l agus do ghuaill\u00ed a chur ar a gcompord agus faoiseamh a thabhairt \u00f3 phianta laeth\u00fala agus mat\u00e1in thinne. L\u00e1n de chumhracht shuaimhneasach an lusa l\u00e9ith agus de ghr\u00e1n n\u00e1d\u00fartha na cruithneachta, is f\u00e9idir an f\u00e1isce\u00e1n seo a th\u00e9amh go s\u00e1bh\u00e1ilte sa mhicreathonn\u00e1n [&hellip;]<\/p>\n","protected":false},"featured_media":3023,"comment_status":"closed","ping_status":"closed","template":"","meta":{"_acf_changed":false,"_et_pb_use_builder":"","_et_pb_old_content":"","_et_gb_content_width":"","wds_primary_product_brand":0,"wds_primary_product_cat":0},"product_brand":[],"product_cat":[69],"product_tag":[],"class_list":{"0":"post-3119","1":"product","2":"type-product","3":"status-publish","4":"has-post-thumbnail","6":"product_cat-curam-pearsanta","8":"first","9":"instock","10":"shipping-taxable","11":"product-type-simple"},"acf":[],"_links":{"self":[{"href":"https:\/\/capeclearlavender.com\/ga\/wp-json\/wp\/v2\/product\/3119","targetHints":{"allow":["GET"]}}],"collection":[{"href":"https:\/\/capeclearlavender.com\/ga\/wp-json\/wp\/v2\/product"}],"about":[{"href":"https:\/\/capeclearlavender.com\/ga\/wp-json\/wp\/v2\/types\/product"}],"replies":[{"embeddable":true,"href":"https:\/\/capeclearlavender.com\/ga\/wp-json\/wp\/v2\/comments?post=3119"}],"wp:featuredmedia":[{"embeddable":true,"href":"https:\/\/capeclearlavender.com\/ga\/wp-json\/wp\/v2\/media\/3023"}],"wp:attachment":[{"href":"https:\/\/capeclearlavender.com\/ga\/wp-json\/wp\/v2\/media?parent=3119"}],"wp:term":[{"taxonomy":"product_brand","embeddable":true,"href":"https:\/\/capeclearlavender.com\/ga\/wp-json\/wp\/v2\/product_brand?post=3119"},{"taxonomy":"product_cat","embeddable":true,"href":"https:\/\/capeclearlavender.com\/ga\/wp-json\/wp\/v2\/product_cat?post=3119"},{"taxonomy":"product_tag","embeddable":true,"href":"https:\/\/capeclearlavender.com\/ga\/wp-json\/wp\/v2\/product_tag?post=3119"}],"curies":[{"name":"wp","href":"https:\/\/api.w.org\/{rel}","templated":true}]}}