{"id":3122,"date":"2024-03-20T20:27:43","date_gmt":"2024-03-20T20:27:43","guid":{"rendered":"https:\/\/capeclearlavender.com\/product\/folctha-salann-epsom\/"},"modified":"2024-06-24T10:48:47","modified_gmt":"2024-06-24T10:48:47","slug":"folctha-salann-epsom","status":"publish","type":"product","link":"https:\/\/capeclearlavender.com\/ga\/product\/folctha-salann-epsom\/","title":{"rendered":"Salann Folctha Epsom"},"content":{"rendered":"<p>Salann Folctha Epsom, cumasc l\u00e1mhdh\u00e9anta chun d&#8217;fholcad\u00e1n a athr\u00fa ina th\u00e9armann s\u00edoch\u00e1na. T\u00e1 na salainn gh\u00e1lanta seo saibhrithe le c\u00e1il\u00edochta\u00ed teiripeacha salainn Epsom agus cumhraithe go m\u00edn le h\u00fascra suaimhneasach an lusa l\u00e9ith. Le croth\u00e1n bhachl\u00f3ga an lusa l\u00e9ith cuirtear an dla\u00ed\u00f3g mhullaigh ar an eisp\u00e9ireas cumhrachta seo.<\/p>\n<p>Le tuilleadh eolais a fh\u00e1il, d\u00e9an teagmh\u00e1il le <a href=\"mailto:enquiries@island-lavender.com\">enquiries@island-lavender.com<\/a><\/p>\n<p><strong>AR F\u00c1IL I SIOPA\u00cd OILE\u00c1N CHL\u00c9IRE FREISIN<\/strong><\/p>\n","protected":false},"excerpt":{"rendered":"<p>Salann Folctha Epsom, cumasc l\u00e1mhdh\u00e9anta chun d&#8217;fholcad\u00e1n a athr\u00fa ina th\u00e9armann s\u00edoch\u00e1na. T\u00e1 na salainn gh\u00e1lanta seo saibhrithe le c\u00e1il\u00edochta\u00ed teiripeacha salainn Epsom agus cumhraithe go m\u00edn le h\u00fascra suaimhneasach an lusa l\u00e9ith. Le croth\u00e1n bhachl\u00f3ga an lusa l\u00e9ith cuirtear an dla\u00ed\u00f3g mhullaigh ar an eisp\u00e9ireas cumhrachta seo. Le tuilleadh eolais a fh\u00e1il, d\u00e9an teagmh\u00e1il [&hellip;]<\/p>\n","protected":false},"featured_media":3018,"comment_status":"closed","ping_status":"closed","template":"","meta":{"_acf_changed":false,"_et_pb_use_builder":"","_et_pb_old_content":"","_et_gb_content_width":"","wds_primary_product_brand":0,"wds_primary_product_cat":0},"product_brand":[],"product_cat":[69],"product_tag":[],"class_list":{"0":"post-3122","1":"product","2":"type-product","3":"status-publish","4":"has-post-thumbnail","6":"product_cat-curam-pearsanta","8":"first","9":"instock","10":"shipping-taxable","11":"product-type-simple"},"acf":[],"_links":{"self":[{"href":"https:\/\/capeclearlavender.com\/ga\/wp-json\/wp\/v2\/product\/3122","targetHints":{"allow":["GET"]}}],"collection":[{"href":"https:\/\/capeclearlavender.com\/ga\/wp-json\/wp\/v2\/product"}],"about":[{"href":"https:\/\/capeclearlavender.com\/ga\/wp-json\/wp\/v2\/types\/product"}],"replies":[{"embeddable":true,"href":"https:\/\/capeclearlavender.com\/ga\/wp-json\/wp\/v2\/comments?post=3122"}],"wp:featuredmedia":[{"embeddable":true,"href":"https:\/\/capeclearlavender.com\/ga\/wp-json\/wp\/v2\/media\/3018"}],"wp:attachment":[{"href":"https:\/\/capeclearlavender.com\/ga\/wp-json\/wp\/v2\/media?parent=3122"}],"wp:term":[{"taxonomy":"product_brand","embeddable":true,"href":"https:\/\/capeclearlavender.com\/ga\/wp-json\/wp\/v2\/product_brand?post=3122"},{"taxonomy":"product_cat","embeddable":true,"href":"https:\/\/capeclearlavender.com\/ga\/wp-json\/wp\/v2\/product_cat?post=3122"},{"taxonomy":"product_tag","embeddable":true,"href":"https:\/\/capeclearlavender.com\/ga\/wp-json\/wp\/v2\/product_tag?post=3122"}],"curies":[{"name":"wp","href":"https:\/\/api.w.org\/{rel}","templated":true}]}}