{"id":3123,"date":"2024-03-07T23:17:49","date_gmt":"2024-03-07T23:17:49","guid":{"rendered":"https:\/\/capeclearlavender.com\/product\/balm-laimhe-lavender\/"},"modified":"2024-06-24T12:41:22","modified_gmt":"2024-06-24T12:41:22","slug":"balm-laimhe-lavender","status":"publish","type":"product","link":"https:\/\/capeclearlavender.com\/ga\/product\/balm-laimhe-lavender\/","title":{"rendered":"Balsam L\u00e1imhe Labhandair"},"content":{"rendered":"<p>T\u00e1 \u00e1r mBalsam L\u00e1imhe Labhandair foirfe mar mhaoth\u00f3ir l\u00e1imhe laeth\u00fail. D\u00e9anann s\u00e9 do chraiceann n\u00edos beo agus n\u00edos boige, agus cuireann an lus liath do chraiceann ar a shuaimhneas. Leis sin beidh deis ag do l\u00e1mha cneas\u00fa agus braithfidh siad n\u00edos boige n\u00e1 riamh.<\/p>\n<p>Le tuilleadh eolais a fh\u00e1il, tabhair cuairt ar <strong><a href=\"https:\/\/www.fastnetfarm.com\/black-bees\">fastnetfarm.co<\/a><\/strong><\/p>\n<p><strong>AR F\u00c1IL I SIOPA\u00cd OILE\u00c1N CHL\u00c9IRE FREISIN<\/strong><\/p>\n","protected":false},"excerpt":{"rendered":"<p>T\u00e1 \u00e1r mBalsam L\u00e1imhe Labhandair foirfe mar mhaoth\u00f3ir l\u00e1imhe laeth\u00fail. D\u00e9anann s\u00e9 do chraiceann n\u00edos beo agus n\u00edos boige, agus cuireann an lus liath do chraiceann ar a shuaimhneas. Leis sin beidh deis ag do l\u00e1mha cneas\u00fa agus braithfidh siad n\u00edos boige n\u00e1 riamh. Le tuilleadh eolais a fh\u00e1il, tabhair cuairt ar fastnetfarm.co AR F\u00c1IL [&hellip;]<\/p>\n","protected":false},"featured_media":2944,"comment_status":"closed","ping_status":"closed","template":"","meta":{"_acf_changed":false,"_et_pb_use_builder":"","_et_pb_old_content":"","_et_gb_content_width":"","wds_primary_product_brand":0,"wds_primary_product_cat":0},"product_brand":[],"product_cat":[69,72],"product_tag":[],"class_list":{"0":"post-3123","1":"product","2":"type-product","3":"status-publish","4":"has-post-thumbnail","6":"product_cat-curam-pearsanta","7":"product_cat-slainte","9":"first","10":"instock","11":"shipping-taxable","12":"product-type-simple"},"acf":[],"_links":{"self":[{"href":"https:\/\/capeclearlavender.com\/ga\/wp-json\/wp\/v2\/product\/3123","targetHints":{"allow":["GET"]}}],"collection":[{"href":"https:\/\/capeclearlavender.com\/ga\/wp-json\/wp\/v2\/product"}],"about":[{"href":"https:\/\/capeclearlavender.com\/ga\/wp-json\/wp\/v2\/types\/product"}],"replies":[{"embeddable":true,"href":"https:\/\/capeclearlavender.com\/ga\/wp-json\/wp\/v2\/comments?post=3123"}],"wp:featuredmedia":[{"embeddable":true,"href":"https:\/\/capeclearlavender.com\/ga\/wp-json\/wp\/v2\/media\/2944"}],"wp:attachment":[{"href":"https:\/\/capeclearlavender.com\/ga\/wp-json\/wp\/v2\/media?parent=3123"}],"wp:term":[{"taxonomy":"product_brand","embeddable":true,"href":"https:\/\/capeclearlavender.com\/ga\/wp-json\/wp\/v2\/product_brand?post=3123"},{"taxonomy":"product_cat","embeddable":true,"href":"https:\/\/capeclearlavender.com\/ga\/wp-json\/wp\/v2\/product_cat?post=3123"},{"taxonomy":"product_tag","embeddable":true,"href":"https:\/\/capeclearlavender.com\/ga\/wp-json\/wp\/v2\/product_tag?post=3123"}],"curies":[{"name":"wp","href":"https:\/\/api.w.org\/{rel}","templated":true}]}}