{"id":3126,"date":"2024-03-07T23:24:59","date_gmt":"2024-03-07T23:24:59","guid":{"rendered":"https:\/\/capeclearlavender.com\/product\/potaireacht-eireannach-lamhdheanta\/"},"modified":"2024-06-24T15:26:32","modified_gmt":"2024-06-24T15:26:32","slug":"potaireacht-eireannach-lamhdheanta","status":"publish","type":"product","link":"https:\/\/capeclearlavender.com\/ga\/product\/potaireacht-eireannach-lamhdheanta\/","title":{"rendered":"Earra\u00ed Potaireachta L\u00e1mhdh\u00e9anta in \u00c9irinn"},"content":{"rendered":"<p>An dearadh is nua at\u00e1 agam, m\u00f3it\u00edf an lusa l\u00e9ith chun teach le tionscnamh labhandair Oile\u00e1n Chl\u00e9ire.<\/p>\n<p>Le tuilleadh eolais a fh\u00e1il, tabhair cuairt <strong><a href=\"https:\/\/www.facebook.com\/capeclearpottery\/\">ar Facebook Cape Clear Pottery.<\/a><\/strong><\/p>\n<p><strong>AR F\u00c1IL I SIOPA\u00cd OILE\u00c1N CHL\u00c9IRE FREISIN<\/strong><\/p>\n","protected":false},"excerpt":{"rendered":"<p>An dearadh is nua at\u00e1 agam, m\u00f3it\u00edf an lusa l\u00e9ith chun teach le tionscnamh labhandair Oile\u00e1n Chl\u00e9ire. Le tuilleadh eolais a fh\u00e1il, tabhair cuairt ar Facebook Cape Clear Pottery. AR F\u00c1IL I SIOPA\u00cd OILE\u00c1N CHL\u00c9IRE FREISIN<\/p>\n","protected":false},"featured_media":2951,"comment_status":"closed","ping_status":"closed","template":"","meta":{"_acf_changed":false,"_et_pb_use_builder":"","_et_pb_old_content":"","_et_gb_content_width":"","wds_primary_product_brand":0,"wds_primary_product_cat":0},"product_brand":[],"product_cat":[70],"product_tag":[],"class_list":{"0":"post-3126","1":"product","2":"type-product","3":"status-publish","4":"has-post-thumbnail","6":"product_cat-teaghlaigh","8":"first","9":"instock","10":"shipping-taxable","11":"product-type-simple"},"acf":[],"_links":{"self":[{"href":"https:\/\/capeclearlavender.com\/ga\/wp-json\/wp\/v2\/product\/3126","targetHints":{"allow":["GET"]}}],"collection":[{"href":"https:\/\/capeclearlavender.com\/ga\/wp-json\/wp\/v2\/product"}],"about":[{"href":"https:\/\/capeclearlavender.com\/ga\/wp-json\/wp\/v2\/types\/product"}],"replies":[{"embeddable":true,"href":"https:\/\/capeclearlavender.com\/ga\/wp-json\/wp\/v2\/comments?post=3126"}],"wp:featuredmedia":[{"embeddable":true,"href":"https:\/\/capeclearlavender.com\/ga\/wp-json\/wp\/v2\/media\/2951"}],"wp:attachment":[{"href":"https:\/\/capeclearlavender.com\/ga\/wp-json\/wp\/v2\/media?parent=3126"}],"wp:term":[{"taxonomy":"product_brand","embeddable":true,"href":"https:\/\/capeclearlavender.com\/ga\/wp-json\/wp\/v2\/product_brand?post=3126"},{"taxonomy":"product_cat","embeddable":true,"href":"https:\/\/capeclearlavender.com\/ga\/wp-json\/wp\/v2\/product_cat?post=3126"},{"taxonomy":"product_tag","embeddable":true,"href":"https:\/\/capeclearlavender.com\/ga\/wp-json\/wp\/v2\/product_tag?post=3126"}],"curies":[{"name":"wp","href":"https:\/\/api.w.org\/{rel}","templated":true}]}}