{"id":3127,"date":"2024-03-07T01:17:34","date_gmt":"2024-03-07T01:17:34","guid":{"rendered":"https:\/\/capeclearlavender.com\/product\/coinnle-lavender\/"},"modified":"2024-06-24T12:07:19","modified_gmt":"2024-06-24T12:07:19","slug":"coinnle-lavender","status":"publish","type":"product","link":"https:\/\/capeclearlavender.com\/ga\/product\/coinnle-lavender\/","title":{"rendered":"Coinneal Labhandair"},"content":{"rendered":"<p>Coinneal labhandair d\u00e9anta de l\u00e1imh le lus liath Oile\u00e1n Chl\u00e9ire. D\u00e9anta le c\u00e9ir shoighe agus bl\u00e1thola.<\/p>\n<p>Le tuilleadh eolais a fh\u00e1il, tabhair cuairt ar <a href=\"https:\/\/danancraft.com\/\"><strong>danancraft.com<\/strong><\/a><\/p>\n<p><b>AR F\u00c1IL I SIOPA\u00cd OILE\u00c1N CHL\u00c9IRE FREISIN<\/b><\/p>\n","protected":false},"excerpt":{"rendered":"<p>Coinneal labhandair d\u00e9anta de l\u00e1imh le lus liath Oile\u00e1n Chl\u00e9ire. D\u00e9anta le c\u00e9ir shoighe agus bl\u00e1thola. Le tuilleadh eolais a fh\u00e1il, tabhair cuairt ar danancraft.com AR F\u00c1IL I SIOPA\u00cd OILE\u00c1N CHL\u00c9IRE FREISIN<\/p>\n","protected":false},"featured_media":2942,"comment_status":"closed","ping_status":"closed","template":"","meta":{"_acf_changed":false,"_et_pb_use_builder":"","_et_pb_old_content":"","_et_gb_content_width":"","wds_primary_product_brand":0,"wds_primary_product_cat":0},"product_brand":[],"product_cat":[69,70],"product_tag":[],"class_list":{"0":"post-3127","1":"product","2":"type-product","3":"status-publish","4":"has-post-thumbnail","6":"product_cat-curam-pearsanta","7":"product_cat-teaghlaigh","9":"first","10":"instock","11":"shipping-taxable","12":"product-type-simple"},"acf":[],"_links":{"self":[{"href":"https:\/\/capeclearlavender.com\/ga\/wp-json\/wp\/v2\/product\/3127","targetHints":{"allow":["GET"]}}],"collection":[{"href":"https:\/\/capeclearlavender.com\/ga\/wp-json\/wp\/v2\/product"}],"about":[{"href":"https:\/\/capeclearlavender.com\/ga\/wp-json\/wp\/v2\/types\/product"}],"replies":[{"embeddable":true,"href":"https:\/\/capeclearlavender.com\/ga\/wp-json\/wp\/v2\/comments?post=3127"}],"wp:featuredmedia":[{"embeddable":true,"href":"https:\/\/capeclearlavender.com\/ga\/wp-json\/wp\/v2\/media\/2942"}],"wp:attachment":[{"href":"https:\/\/capeclearlavender.com\/ga\/wp-json\/wp\/v2\/media?parent=3127"}],"wp:term":[{"taxonomy":"product_brand","embeddable":true,"href":"https:\/\/capeclearlavender.com\/ga\/wp-json\/wp\/v2\/product_brand?post=3127"},{"taxonomy":"product_cat","embeddable":true,"href":"https:\/\/capeclearlavender.com\/ga\/wp-json\/wp\/v2\/product_cat?post=3127"},{"taxonomy":"product_tag","embeddable":true,"href":"https:\/\/capeclearlavender.com\/ga\/wp-json\/wp\/v2\/product_tag?post=3127"}],"curies":[{"name":"wp","href":"https:\/\/api.w.org\/{rel}","templated":true}]}}