{"id":3128,"date":"2024-03-20T20:47:58","date_gmt":"2024-03-20T20:47:58","guid":{"rendered":"https:\/\/capeclearlavender.com\/product\/gallunach-bainne-gabhar-lavender-maisiuil\/"},"modified":"2024-06-24T10:23:20","modified_gmt":"2024-06-24T10:23:20","slug":"gallunach-bainne-gabhar-lavender-maisiuil","status":"publish","type":"product","link":"https:\/\/capeclearlavender.com\/ga\/product\/gallunach-bainne-gabhar-lavender-maisiuil\/","title":{"rendered":"Gall\u00fanach Maisi\u00fail Bainne Gabhair agus Labhandair"},"content":{"rendered":"<p>Gall\u00fanach maisi\u00fail n\u00e1d\u00fartha, d\u00e9anta de l\u00e1imh go c\u00faramach ag Feirm Gabhar Oile\u00e1n Chl\u00e9ire. T\u00e1 f\u00e1ilte roimh ch\u00e1ch f\u00e9achaint ar na gabhair ar a mble\u00e1n \u00f3 10am go me\u00e1n lae gach l\u00e1.<\/p>\n<p>Le haghaidh tuilleadh eolais, tabhair cuairt ar <a href=\"http:\/\/www.capeclearisland.ie\/GoatFarm\">capeclearisland.ie\/GoatFarm<\/a><\/p>\n<p><strong>AR F\u00c1IL I SIOPA\u00cd OILE\u00c1N CHL\u00c9IRE FREISIN<\/strong><\/p>\n","protected":false},"excerpt":{"rendered":"<p>Gall\u00fanach maisi\u00fail n\u00e1d\u00fartha, d\u00e9anta de l\u00e1imh go c\u00faramach ag Feirm Gabhar Oile\u00e1n Chl\u00e9ire. T\u00e1 f\u00e1ilte roimh ch\u00e1ch f\u00e9achaint ar na gabhair ar a mble\u00e1n \u00f3 10am go me\u00e1n lae gach l\u00e1. Le haghaidh tuilleadh eolais, tabhair cuairt ar capeclearisland.ie\/GoatFarm AR F\u00c1IL I SIOPA\u00cd OILE\u00c1N CHL\u00c9IRE FREISIN<\/p>\n","protected":false},"featured_media":3019,"comment_status":"closed","ping_status":"closed","template":"","meta":{"_acf_changed":false,"_et_pb_use_builder":"","_et_pb_old_content":"","_et_gb_content_width":"","wds_primary_product_brand":0,"wds_primary_product_cat":0},"product_brand":[],"product_cat":[69,72,70],"product_tag":[],"class_list":{"0":"post-3128","1":"product","2":"type-product","3":"status-publish","4":"has-post-thumbnail","6":"product_cat-curam-pearsanta","7":"product_cat-slainte","8":"product_cat-teaghlaigh","10":"first","11":"instock","12":"shipping-taxable","13":"product-type-simple"},"acf":[],"_links":{"self":[{"href":"https:\/\/capeclearlavender.com\/ga\/wp-json\/wp\/v2\/product\/3128","targetHints":{"allow":["GET"]}}],"collection":[{"href":"https:\/\/capeclearlavender.com\/ga\/wp-json\/wp\/v2\/product"}],"about":[{"href":"https:\/\/capeclearlavender.com\/ga\/wp-json\/wp\/v2\/types\/product"}],"replies":[{"embeddable":true,"href":"https:\/\/capeclearlavender.com\/ga\/wp-json\/wp\/v2\/comments?post=3128"}],"wp:featuredmedia":[{"embeddable":true,"href":"https:\/\/capeclearlavender.com\/ga\/wp-json\/wp\/v2\/media\/3019"}],"wp:attachment":[{"href":"https:\/\/capeclearlavender.com\/ga\/wp-json\/wp\/v2\/media?parent=3128"}],"wp:term":[{"taxonomy":"product_brand","embeddable":true,"href":"https:\/\/capeclearlavender.com\/ga\/wp-json\/wp\/v2\/product_brand?post=3128"},{"taxonomy":"product_cat","embeddable":true,"href":"https:\/\/capeclearlavender.com\/ga\/wp-json\/wp\/v2\/product_cat?post=3128"},{"taxonomy":"product_tag","embeddable":true,"href":"https:\/\/capeclearlavender.com\/ga\/wp-json\/wp\/v2\/product_tag?post=3128"}],"curies":[{"name":"wp","href":"https:\/\/api.w.org\/{rel}","templated":true}]}}