{"id":3130,"date":"2024-03-20T21:05:53","date_gmt":"2024-03-20T21:05:53","guid":{"rendered":"https:\/\/capeclearlavender.com\/product\/uachtar-reoite-lavender\/"},"modified":"2024-06-24T10:10:28","modified_gmt":"2024-06-24T10:10:28","slug":"uachtar-reoite-lavender","status":"publish","type":"product","link":"https:\/\/capeclearlavender.com\/ga\/product\/uachtar-reoite-lavender\/","title":{"rendered":"Uachtar Reoite Labhandair"},"content":{"rendered":"<p>Uachtar reoite baile d\u00e9anta as bainne gabhair le blas \u00e1lainn an lusa l\u00e9ith. T\u00e1 f\u00e1ilte roimh ch\u00e1ch f\u00e9achaint ar na gabhair ar a mble\u00e1n \u00f3 10am go me\u00e1n lae gach l\u00e1.<\/p>\n<p>Le haghaidh tuilleadh eolais, tabhair cuairt ar <a href=\"http:\/\/www.capeclearisland.ie\/GoatFarm\">capeclearisland.ie\/GoatFarm<\/a><\/p>\n<p><strong>AR F\u00c1IL I SIOPA\u00cd OILE\u00c1N CHL\u00c9IRE FREISIN<\/strong><\/p>\n","protected":false},"excerpt":{"rendered":"<p>Uachtar reoite baile d\u00e9anta as bainne gabhair le blas \u00e1lainn an lusa l\u00e9ith. T\u00e1 f\u00e1ilte roimh ch\u00e1ch f\u00e9achaint ar na gabhair ar a mble\u00e1n \u00f3 10am go me\u00e1n lae gach l\u00e1. Le haghaidh tuilleadh eolais, tabhair cuairt ar capeclearisland.ie\/GoatFarm AR F\u00c1IL I SIOPA\u00cd OILE\u00c1N CHL\u00c9IRE FREISIN<\/p>\n","protected":false},"featured_media":3021,"comment_status":"closed","ping_status":"closed","template":"","meta":{"_acf_changed":false,"_et_pb_use_builder":"","_et_pb_old_content":"","_et_gb_content_width":"","wds_primary_product_brand":0,"wds_primary_product_cat":0},"product_brand":[],"product_cat":[67],"product_tag":[],"class_list":{"0":"post-3130","1":"product","2":"type-product","3":"status-publish","4":"has-post-thumbnail","6":"product_cat-cocaireachta","8":"first","9":"instock","10":"shipping-taxable","11":"product-type-simple"},"acf":[],"_links":{"self":[{"href":"https:\/\/capeclearlavender.com\/ga\/wp-json\/wp\/v2\/product\/3130","targetHints":{"allow":["GET"]}}],"collection":[{"href":"https:\/\/capeclearlavender.com\/ga\/wp-json\/wp\/v2\/product"}],"about":[{"href":"https:\/\/capeclearlavender.com\/ga\/wp-json\/wp\/v2\/types\/product"}],"replies":[{"embeddable":true,"href":"https:\/\/capeclearlavender.com\/ga\/wp-json\/wp\/v2\/comments?post=3130"}],"wp:featuredmedia":[{"embeddable":true,"href":"https:\/\/capeclearlavender.com\/ga\/wp-json\/wp\/v2\/media\/3021"}],"wp:attachment":[{"href":"https:\/\/capeclearlavender.com\/ga\/wp-json\/wp\/v2\/media?parent=3130"}],"wp:term":[{"taxonomy":"product_brand","embeddable":true,"href":"https:\/\/capeclearlavender.com\/ga\/wp-json\/wp\/v2\/product_brand?post=3130"},{"taxonomy":"product_cat","embeddable":true,"href":"https:\/\/capeclearlavender.com\/ga\/wp-json\/wp\/v2\/product_cat?post=3130"},{"taxonomy":"product_tag","embeddable":true,"href":"https:\/\/capeclearlavender.com\/ga\/wp-json\/wp\/v2\/product_tag?post=3130"}],"curies":[{"name":"wp","href":"https:\/\/api.w.org\/{rel}","templated":true}]}}