{"id":3131,"date":"2024-03-07T23:28:13","date_gmt":"2024-03-07T23:28:13","guid":{"rendered":"https:\/\/capeclearlavender.com\/product\/ale-lavender-rinn-chleire\/"},"modified":"2024-06-24T15:21:07","modified_gmt":"2024-06-24T15:21:07","slug":"ale-lavender-rinn-chleire","status":"publish","type":"product","link":"https:\/\/capeclearlavender.com\/ga\/product\/ale-lavender-rinn-chleire\/","title":{"rendered":"Leann Labhandair Oile\u00e1n Chl\u00e9ire"},"content":{"rendered":"<p>Lena dhath \u00f3rga agus \u00f3mra dorcha, t\u00e1 boladh an labhandair \u00fara agus blas binn na braiche ar an leann leath-thathagach seo. Cuirfidh na heistir tortha\u00edocha uisce le d&#8217;fhiacla, agus fanfaidh boladh na mbl\u00e1thanna labhandair leat ina dhiaidh.<\/p>\n<p>Le tuilleadh eolais a fh\u00e1il, tabhair cuairt ar <strong><a href=\"https:\/\/www.caseysofbaltimore.com\/brewery\">West Cork Brewing Company<\/a><\/strong> ar l\u00edne.<\/p>\n<p><strong>AR F\u00c1IL I SIOPA\u00cd OILE\u00c1N CHL\u00c9IRE FREISIN<\/strong><\/p>\n","protected":false},"excerpt":{"rendered":"<p>Lena dhath \u00f3rga agus \u00f3mra dorcha, t\u00e1 boladh an labhandair \u00fara agus blas binn na braiche ar an leann leath-thathagach seo. Cuirfidh na heistir tortha\u00edocha uisce le d&#8217;fhiacla, agus fanfaidh boladh na mbl\u00e1thanna labhandair leat ina dhiaidh. Le tuilleadh eolais a fh\u00e1il, tabhair cuairt ar West Cork Brewing Company ar l\u00edne. AR F\u00c1IL I SIOPA\u00cd [&hellip;]<\/p>\n","protected":false},"featured_media":2946,"comment_status":"closed","ping_status":"closed","template":"","meta":{"_acf_changed":false,"_et_pb_use_builder":"","_et_pb_old_content":"","_et_gb_content_width":"","wds_primary_product_brand":0,"wds_primary_product_cat":0},"product_brand":[],"product_cat":[67],"product_tag":[],"class_list":{"0":"post-3131","1":"product","2":"type-product","3":"status-publish","4":"has-post-thumbnail","6":"product_cat-cocaireachta","8":"first","9":"instock","10":"shipping-taxable","11":"product-type-simple"},"acf":[],"_links":{"self":[{"href":"https:\/\/capeclearlavender.com\/ga\/wp-json\/wp\/v2\/product\/3131","targetHints":{"allow":["GET"]}}],"collection":[{"href":"https:\/\/capeclearlavender.com\/ga\/wp-json\/wp\/v2\/product"}],"about":[{"href":"https:\/\/capeclearlavender.com\/ga\/wp-json\/wp\/v2\/types\/product"}],"replies":[{"embeddable":true,"href":"https:\/\/capeclearlavender.com\/ga\/wp-json\/wp\/v2\/comments?post=3131"}],"wp:featuredmedia":[{"embeddable":true,"href":"https:\/\/capeclearlavender.com\/ga\/wp-json\/wp\/v2\/media\/2946"}],"wp:attachment":[{"href":"https:\/\/capeclearlavender.com\/ga\/wp-json\/wp\/v2\/media?parent=3131"}],"wp:term":[{"taxonomy":"product_brand","embeddable":true,"href":"https:\/\/capeclearlavender.com\/ga\/wp-json\/wp\/v2\/product_brand?post=3131"},{"taxonomy":"product_cat","embeddable":true,"href":"https:\/\/capeclearlavender.com\/ga\/wp-json\/wp\/v2\/product_cat?post=3131"},{"taxonomy":"product_tag","embeddable":true,"href":"https:\/\/capeclearlavender.com\/ga\/wp-json\/wp\/v2\/product_tag?post=3131"}],"curies":[{"name":"wp","href":"https:\/\/api.w.org\/{rel}","templated":true}]}}