{"id":3132,"date":"2024-03-20T20:19:58","date_gmt":"2024-03-20T20:19:58","guid":{"rendered":"https:\/\/capeclearlavender.com\/product\/difuser-lavender\/"},"modified":"2024-06-24T11:58:35","modified_gmt":"2024-06-24T11:58:35","slug":"difuser-lavender","status":"publish","type":"product","link":"https:\/\/capeclearlavender.com\/ga\/product\/difuser-lavender\/","title":{"rendered":"Idirleat\u00f3ir Labhandair"},"content":{"rendered":"<p>T\u00e1 an leat\u00f3ir bl\u00e1thola labhandair gal\u00e1nta seo d\u00e9anta chun cumhracht sh\u00e9imh an lusa l\u00e9ith a scaipeadh fud fad an tseomra. Ions\u00fann na giolcacha cuartha an bhl\u00e1thola agus scaipeann siad an chumhracht go r\u00e9idh le hatmaisf\u00e9ar suaimhneach a chruth\u00fa.<\/p>\n<p>Le haghaidh eolais a fh\u00e1il, d\u00e9an teagmh\u00e1il le <a href=\"mailto:enquiries@island-lavender.com\">enquiries@island-lavender.c<\/a><\/p>\n<p><strong>AR F\u00c1IL I SIOPA\u00cd OILE\u00c1N CHL\u00c9IRE FREISIN<\/strong><\/p>\n","protected":false},"excerpt":{"rendered":"<p>T\u00e1 an leat\u00f3ir bl\u00e1thola labhandair gal\u00e1nta seo d\u00e9anta chun cumhracht sh\u00e9imh an lusa l\u00e9ith a scaipeadh fud fad an tseomra. Ions\u00fann na giolcacha cuartha an bhl\u00e1thola agus scaipeann siad an chumhracht go r\u00e9idh le hatmaisf\u00e9ar suaimhneach a chruth\u00fa. Le haghaidh eolais a fh\u00e1il, d\u00e9an teagmh\u00e1il le enquiries@island-lavender.c AR F\u00c1IL I SIOPA\u00cd OILE\u00c1N CHL\u00c9IRE FREISIN<\/p>\n","protected":false},"featured_media":3017,"comment_status":"closed","ping_status":"closed","template":"","meta":{"_acf_changed":false,"_et_pb_use_builder":"","_et_pb_old_content":"","_et_gb_content_width":"","wds_primary_product_brand":0,"wds_primary_product_cat":0},"product_brand":[],"product_cat":[71,70],"product_tag":[],"class_list":{"0":"post-3132","1":"product","2":"type-product","3":"status-publish","4":"has-post-thumbnail","6":"product_cat-olai-riachtanacha","7":"product_cat-teaghlaigh","9":"first","10":"instock","11":"shipping-taxable","12":"product-type-simple"},"acf":[],"_links":{"self":[{"href":"https:\/\/capeclearlavender.com\/ga\/wp-json\/wp\/v2\/product\/3132","targetHints":{"allow":["GET"]}}],"collection":[{"href":"https:\/\/capeclearlavender.com\/ga\/wp-json\/wp\/v2\/product"}],"about":[{"href":"https:\/\/capeclearlavender.com\/ga\/wp-json\/wp\/v2\/types\/product"}],"replies":[{"embeddable":true,"href":"https:\/\/capeclearlavender.com\/ga\/wp-json\/wp\/v2\/comments?post=3132"}],"wp:featuredmedia":[{"embeddable":true,"href":"https:\/\/capeclearlavender.com\/ga\/wp-json\/wp\/v2\/media\/3017"}],"wp:attachment":[{"href":"https:\/\/capeclearlavender.com\/ga\/wp-json\/wp\/v2\/media?parent=3132"}],"wp:term":[{"taxonomy":"product_brand","embeddable":true,"href":"https:\/\/capeclearlavender.com\/ga\/wp-json\/wp\/v2\/product_brand?post=3132"},{"taxonomy":"product_cat","embeddable":true,"href":"https:\/\/capeclearlavender.com\/ga\/wp-json\/wp\/v2\/product_cat?post=3132"},{"taxonomy":"product_tag","embeddable":true,"href":"https:\/\/capeclearlavender.com\/ga\/wp-json\/wp\/v2\/product_tag?post=3132"}],"curies":[{"name":"wp","href":"https:\/\/api.w.org\/{rel}","templated":true}]}}